{"id":11,"date":"2019-09-03T08:14:37","date_gmt":"2019-09-03T06:14:37","guid":{"rendered":"https:\/\/edenberg.eu\/?page_id=11"},"modified":"2025-02-05T11:56:13","modified_gmt":"2025-02-05T10:56:13","slug":"o-nas","status":"publish","type":"page","link":"https:\/\/edenberg.eu\/pl\/o-nas\/","title":{"rendered":"O nas"},"content":{"rendered":"","protected":false},"excerpt":{"rendered":"","protected":false},"author":1,"featured_media":0,"parent":0,"menu_order":0,"comment_status":"closed","ping_status":"closed","template":"","meta":{"_acf_changed":false,"inline_featured_image":false,"footnotes":""},"acf":[],"yoast_head":"<!-- This site is optimized with the Yoast SEO plugin v22.2 - https:\/\/yoast.com\/wordpress\/plugins\/seo\/ -->\n<title>O nas - Edenberg - Ponad 20 lat na rynku, niezmiennie wysoka jako\u015b\u0107<\/title>\n<meta name=\"description\" content=\"Edenberg to marka ekskluzywnych artyku\u0142\u00f3w kuchennych. Przyjd\u017a i zobacz na \u017cywo nasze produkty. Znajdziesz nas w \u0141azach, Aleja Krakowska 157. Zapraszamy!\" \/>\n<meta name=\"robots\" content=\"index, follow, max-snippet:-1, max-image-preview:large, max-video-preview:-1\" \/>\n<link rel=\"canonical\" href=\"https:\/\/edenberg.eu\/pl\/o-nas\/\" \/>\n<meta property=\"og:locale\" content=\"pl_PL\" \/>\n<meta property=\"og:type\" content=\"article\" \/>\n<meta property=\"og:title\" content=\"O nas - Edenberg - Ponad 20 lat na rynku, niezmiennie wysoka jako\u015b\u0107\" \/>\n<meta property=\"og:description\" content=\"Edenberg to marka ekskluzywnych artyku\u0142\u00f3w kuchennych. Przyjd\u017a i zobacz na \u017cywo nasze produkty. Znajdziesz nas w \u0141azach, Aleja Krakowska 157. Zapraszamy!\" \/>\n<meta property=\"og:url\" content=\"https:\/\/edenberg.eu\/pl\/o-nas\/\" \/>\n<meta property=\"og:site_name\" content=\"Edenberg\" \/>\n<meta property=\"article:modified_time\" content=\"2025-02-05T10:56:13+00:00\" \/>\n<meta name=\"twitter:card\" content=\"summary_large_image\" \/>\n<script type=\"application\/ld+json\" class=\"yoast-schema-graph\">{\"@context\":\"https:\/\/schema.org\",\"@graph\":[{\"@type\":\"WebPage\",\"@id\":\"https:\/\/edenberg.eu\/pl\/o-nas\/\",\"url\":\"https:\/\/edenberg.eu\/pl\/o-nas\/\",\"name\":\"O nas - Edenberg - Ponad 20 lat na rynku, niezmiennie wysoka jako\u015b\u0107\",\"isPartOf\":{\"@id\":\"https:\/\/edenberg.eu\/#website\"},\"datePublished\":\"2019-09-03T06:14:37+00:00\",\"dateModified\":\"2025-02-05T10:56:13+00:00\",\"description\":\"Edenberg to marka ekskluzywnych artyku\u0142\u00f3w kuchennych. Przyjd\u017a i zobacz na \u017cywo nasze produkty. Znajdziesz nas w \u0141azach, Aleja Krakowska 157. Zapraszamy!\",\"breadcrumb\":{\"@id\":\"https:\/\/edenberg.eu\/pl\/o-nas\/#breadcrumb\"},\"inLanguage\":\"pl-PL\",\"potentialAction\":[{\"@type\":\"ReadAction\",\"target\":[\"https:\/\/edenberg.eu\/pl\/o-nas\/\"]}]},{\"@type\":\"BreadcrumbList\",\"@id\":\"https:\/\/edenberg.eu\/pl\/o-nas\/#breadcrumb\",\"itemListElement\":[{\"@type\":\"ListItem\",\"position\":1,\"name\":\"Strona g\u0142\u00f3wna\",\"item\":\"https:\/\/edenberg.eu\/pl\/\"},{\"@type\":\"ListItem\",\"position\":2,\"name\":\"O nas\"}]},{\"@type\":\"WebSite\",\"@id\":\"https:\/\/edenberg.eu\/#website\",\"url\":\"https:\/\/edenberg.eu\/\",\"name\":\"Edenberg\",\"description\":\"Edenberg - Decorate Your Kitchen\",\"potentialAction\":[{\"@type\":\"SearchAction\",\"target\":{\"@type\":\"EntryPoint\",\"urlTemplate\":\"https:\/\/edenberg.eu\/?s={search_term_string}\"},\"query-input\":\"required name=search_term_string\"}],\"inLanguage\":\"pl-PL\"}]}<\/script>\n<!-- \/ Yoast SEO plugin. -->","yoast_head_json":{"title":"O nas - Edenberg - Ponad 20 lat na rynku, niezmiennie wysoka jako\u015b\u0107","description":"Edenberg to marka ekskluzywnych artyku\u0142\u00f3w kuchennych. Przyjd\u017a i zobacz na \u017cywo nasze produkty. Znajdziesz nas w \u0141azach, Aleja Krakowska 157. Zapraszamy!","robots":{"index":"index","follow":"follow","max-snippet":"max-snippet:-1","max-image-preview":"max-image-preview:large","max-video-preview":"max-video-preview:-1"},"canonical":"https:\/\/edenberg.eu\/pl\/o-nas\/","og_locale":"pl_PL","og_type":"article","og_title":"O nas - Edenberg - Ponad 20 lat na rynku, niezmiennie wysoka jako\u015b\u0107","og_description":"Edenberg to marka ekskluzywnych artyku\u0142\u00f3w kuchennych. Przyjd\u017a i zobacz na \u017cywo nasze produkty. Znajdziesz nas w \u0141azach, Aleja Krakowska 157. Zapraszamy!","og_url":"https:\/\/edenberg.eu\/pl\/o-nas\/","og_site_name":"Edenberg","article_modified_time":"2025-02-05T10:56:13+00:00","twitter_card":"summary_large_image","schema":{"@context":"https:\/\/schema.org","@graph":[{"@type":"WebPage","@id":"https:\/\/edenberg.eu\/pl\/o-nas\/","url":"https:\/\/edenberg.eu\/pl\/o-nas\/","name":"O nas - Edenberg - Ponad 20 lat na rynku, niezmiennie wysoka jako\u015b\u0107","isPartOf":{"@id":"https:\/\/edenberg.eu\/#website"},"datePublished":"2019-09-03T06:14:37+00:00","dateModified":"2025-02-05T10:56:13+00:00","description":"Edenberg to marka ekskluzywnych artyku\u0142\u00f3w kuchennych. Przyjd\u017a i zobacz na \u017cywo nasze produkty. Znajdziesz nas w \u0141azach, Aleja Krakowska 157. Zapraszamy!","breadcrumb":{"@id":"https:\/\/edenberg.eu\/pl\/o-nas\/#breadcrumb"},"inLanguage":"pl-PL","potentialAction":[{"@type":"ReadAction","target":["https:\/\/edenberg.eu\/pl\/o-nas\/"]}]},{"@type":"BreadcrumbList","@id":"https:\/\/edenberg.eu\/pl\/o-nas\/#breadcrumb","itemListElement":[{"@type":"ListItem","position":1,"name":"Strona g\u0142\u00f3wna","item":"https:\/\/edenberg.eu\/pl\/"},{"@type":"ListItem","position":2,"name":"O nas"}]},{"@type":"WebSite","@id":"https:\/\/edenberg.eu\/#website","url":"https:\/\/edenberg.eu\/","name":"Edenberg","description":"Edenberg - Decorate Your Kitchen","potentialAction":[{"@type":"SearchAction","target":{"@type":"EntryPoint","urlTemplate":"https:\/\/edenberg.eu\/?s={search_term_string}"},"query-input":"required name=search_term_string"}],"inLanguage":"pl-PL"}]}},"_links":{"self":[{"href":"https:\/\/edenberg.eu\/pl\/wp-json\/wp\/v2\/pages\/11"}],"collection":[{"href":"https:\/\/edenberg.eu\/pl\/wp-json\/wp\/v2\/pages"}],"about":[{"href":"https:\/\/edenberg.eu\/pl\/wp-json\/wp\/v2\/types\/page"}],"author":[{"embeddable":true,"href":"https:\/\/edenberg.eu\/pl\/wp-json\/wp\/v2\/users\/1"}],"replies":[{"embeddable":true,"href":"https:\/\/edenberg.eu\/pl\/wp-json\/wp\/v2\/comments?post=11"}],"version-history":[{"count":0,"href":"https:\/\/edenberg.eu\/pl\/wp-json\/wp\/v2\/pages\/11\/revisions"}],"wp:attachment":[{"href":"https:\/\/edenberg.eu\/pl\/wp-json\/wp\/v2\/media?parent=11"}],"curies":[{"name":"wp","href":"https:\/\/api.w.org\/{rel}","templated":true}]}}