{"id":15,"date":"2019-09-03T08:15:45","date_gmt":"2019-09-03T06:15:45","guid":{"rendered":"https:\/\/edenberg.eu\/?page_id=15"},"modified":"2020-01-16T10:51:31","modified_gmt":"2020-01-16T09:51:31","slug":"jak-zamawiac","status":"publish","type":"page","link":"https:\/\/edenberg.eu\/pl\/jak-zamawiac\/","title":{"rendered":"Jak zamawia\u0107"},"content":{"rendered":"","protected":false},"excerpt":{"rendered":"","protected":false},"author":1,"featured_media":0,"parent":0,"menu_order":0,"comment_status":"closed","ping_status":"closed","template":"","meta":{"_acf_changed":false,"inline_featured_image":false,"footnotes":""},"acf":[],"yoast_head":"<!-- This site is optimized with the Yoast SEO plugin v22.2 - https:\/\/yoast.com\/wordpress\/plugins\/seo\/ -->\n<title>Jak zamawia\u0107 - Edenberg - Sprawd\u017a katalog produkt\u00f3w online<\/title>\n<meta name=\"description\" content=\"Katalog produkt\u00f3w Edenberg dost\u0119pny online pomo\u017ce Ci szybko odnale\u017a\u0107 produkt, kt\u00f3rego potrzebujesz. Sprawd\u017a jeszcze dzi\u015b nasz\u0105 bogat\u0105 ofert\u0119!\" \/>\n<meta name=\"robots\" content=\"index, follow, max-snippet:-1, max-image-preview:large, max-video-preview:-1\" \/>\n<link rel=\"canonical\" href=\"https:\/\/edenberg.eu\/pl\/jak-zamawiac\/\" \/>\n<meta property=\"og:locale\" content=\"pl_PL\" \/>\n<meta property=\"og:type\" content=\"article\" \/>\n<meta property=\"og:title\" content=\"Jak zamawia\u0107 - Edenberg - Sprawd\u017a katalog produkt\u00f3w online\" \/>\n<meta property=\"og:description\" content=\"Katalog produkt\u00f3w Edenberg dost\u0119pny online pomo\u017ce Ci szybko odnale\u017a\u0107 produkt, kt\u00f3rego potrzebujesz. Sprawd\u017a jeszcze dzi\u015b nasz\u0105 bogat\u0105 ofert\u0119!\" \/>\n<meta property=\"og:url\" content=\"https:\/\/edenberg.eu\/pl\/jak-zamawiac\/\" \/>\n<meta property=\"og:site_name\" content=\"Edenberg\" \/>\n<meta property=\"article:modified_time\" content=\"2020-01-16T09:51:31+00:00\" \/>\n<meta name=\"twitter:card\" content=\"summary_large_image\" \/>\n<script type=\"application\/ld+json\" class=\"yoast-schema-graph\">{\"@context\":\"https:\/\/schema.org\",\"@graph\":[{\"@type\":\"WebPage\",\"@id\":\"https:\/\/edenberg.eu\/pl\/jak-zamawiac\/\",\"url\":\"https:\/\/edenberg.eu\/pl\/jak-zamawiac\/\",\"name\":\"Jak zamawia\u0107 - Edenberg - Sprawd\u017a katalog produkt\u00f3w online\",\"isPartOf\":{\"@id\":\"https:\/\/edenberg.eu\/#website\"},\"datePublished\":\"2019-09-03T06:15:45+00:00\",\"dateModified\":\"2020-01-16T09:51:31+00:00\",\"description\":\"Katalog produkt\u00f3w Edenberg dost\u0119pny online pomo\u017ce Ci szybko odnale\u017a\u0107 produkt, kt\u00f3rego potrzebujesz. Sprawd\u017a jeszcze dzi\u015b nasz\u0105 bogat\u0105 ofert\u0119!\",\"breadcrumb\":{\"@id\":\"https:\/\/edenberg.eu\/pl\/jak-zamawiac\/#breadcrumb\"},\"inLanguage\":\"pl-PL\",\"potentialAction\":[{\"@type\":\"ReadAction\",\"target\":[\"https:\/\/edenberg.eu\/pl\/jak-zamawiac\/\"]}]},{\"@type\":\"BreadcrumbList\",\"@id\":\"https:\/\/edenberg.eu\/pl\/jak-zamawiac\/#breadcrumb\",\"itemListElement\":[{\"@type\":\"ListItem\",\"position\":1,\"name\":\"Strona g\u0142\u00f3wna\",\"item\":\"https:\/\/edenberg.eu\/pl\/\"},{\"@type\":\"ListItem\",\"position\":2,\"name\":\"Jak zamawia\u0107\"}]},{\"@type\":\"WebSite\",\"@id\":\"https:\/\/edenberg.eu\/#website\",\"url\":\"https:\/\/edenberg.eu\/\",\"name\":\"Edenberg\",\"description\":\"Edenberg - Decorate Your Kitchen\",\"potentialAction\":[{\"@type\":\"SearchAction\",\"target\":{\"@type\":\"EntryPoint\",\"urlTemplate\":\"https:\/\/edenberg.eu\/?s={search_term_string}\"},\"query-input\":\"required name=search_term_string\"}],\"inLanguage\":\"pl-PL\"}]}<\/script>\n<!-- \/ Yoast SEO plugin. -->","yoast_head_json":{"title":"Jak zamawia\u0107 - Edenberg - Sprawd\u017a katalog produkt\u00f3w online","description":"Katalog produkt\u00f3w Edenberg dost\u0119pny online pomo\u017ce Ci szybko odnale\u017a\u0107 produkt, kt\u00f3rego potrzebujesz. Sprawd\u017a jeszcze dzi\u015b nasz\u0105 bogat\u0105 ofert\u0119!","robots":{"index":"index","follow":"follow","max-snippet":"max-snippet:-1","max-image-preview":"max-image-preview:large","max-video-preview":"max-video-preview:-1"},"canonical":"https:\/\/edenberg.eu\/pl\/jak-zamawiac\/","og_locale":"pl_PL","og_type":"article","og_title":"Jak zamawia\u0107 - Edenberg - Sprawd\u017a katalog produkt\u00f3w online","og_description":"Katalog produkt\u00f3w Edenberg dost\u0119pny online pomo\u017ce Ci szybko odnale\u017a\u0107 produkt, kt\u00f3rego potrzebujesz. Sprawd\u017a jeszcze dzi\u015b nasz\u0105 bogat\u0105 ofert\u0119!","og_url":"https:\/\/edenberg.eu\/pl\/jak-zamawiac\/","og_site_name":"Edenberg","article_modified_time":"2020-01-16T09:51:31+00:00","twitter_card":"summary_large_image","schema":{"@context":"https:\/\/schema.org","@graph":[{"@type":"WebPage","@id":"https:\/\/edenberg.eu\/pl\/jak-zamawiac\/","url":"https:\/\/edenberg.eu\/pl\/jak-zamawiac\/","name":"Jak zamawia\u0107 - Edenberg - Sprawd\u017a katalog produkt\u00f3w online","isPartOf":{"@id":"https:\/\/edenberg.eu\/#website"},"datePublished":"2019-09-03T06:15:45+00:00","dateModified":"2020-01-16T09:51:31+00:00","description":"Katalog produkt\u00f3w Edenberg dost\u0119pny online pomo\u017ce Ci szybko odnale\u017a\u0107 produkt, kt\u00f3rego potrzebujesz. Sprawd\u017a jeszcze dzi\u015b nasz\u0105 bogat\u0105 ofert\u0119!","breadcrumb":{"@id":"https:\/\/edenberg.eu\/pl\/jak-zamawiac\/#breadcrumb"},"inLanguage":"pl-PL","potentialAction":[{"@type":"ReadAction","target":["https:\/\/edenberg.eu\/pl\/jak-zamawiac\/"]}]},{"@type":"BreadcrumbList","@id":"https:\/\/edenberg.eu\/pl\/jak-zamawiac\/#breadcrumb","itemListElement":[{"@type":"ListItem","position":1,"name":"Strona g\u0142\u00f3wna","item":"https:\/\/edenberg.eu\/pl\/"},{"@type":"ListItem","position":2,"name":"Jak zamawia\u0107"}]},{"@type":"WebSite","@id":"https:\/\/edenberg.eu\/#website","url":"https:\/\/edenberg.eu\/","name":"Edenberg","description":"Edenberg - Decorate Your Kitchen","potentialAction":[{"@type":"SearchAction","target":{"@type":"EntryPoint","urlTemplate":"https:\/\/edenberg.eu\/?s={search_term_string}"},"query-input":"required name=search_term_string"}],"inLanguage":"pl-PL"}]}},"_links":{"self":[{"href":"https:\/\/edenberg.eu\/pl\/wp-json\/wp\/v2\/pages\/15"}],"collection":[{"href":"https:\/\/edenberg.eu\/pl\/wp-json\/wp\/v2\/pages"}],"about":[{"href":"https:\/\/edenberg.eu\/pl\/wp-json\/wp\/v2\/types\/page"}],"author":[{"embeddable":true,"href":"https:\/\/edenberg.eu\/pl\/wp-json\/wp\/v2\/users\/1"}],"replies":[{"embeddable":true,"href":"https:\/\/edenberg.eu\/pl\/wp-json\/wp\/v2\/comments?post=15"}],"version-history":[{"count":0,"href":"https:\/\/edenberg.eu\/pl\/wp-json\/wp\/v2\/pages\/15\/revisions"}],"wp:attachment":[{"href":"https:\/\/edenberg.eu\/pl\/wp-json\/wp\/v2\/media?parent=15"}],"curies":[{"name":"wp","href":"https:\/\/api.w.org\/{rel}","templated":true}]}}