{"id":2,"date":"2019-09-02T14:41:15","date_gmt":"2019-09-02T12:41:15","guid":{"rendered":"https:\/\/edenberg.eu\/?page_id=2"},"modified":"2025-11-21T12:33:57","modified_gmt":"2025-11-21T11:33:57","slug":"strona-glowna","status":"publish","type":"page","link":"https:\/\/edenberg.eu\/pl\/","title":{"rendered":"Strona g\u0142\u00f3wna"},"content":{"rendered":"","protected":false},"excerpt":{"rendered":"","protected":false},"author":1,"featured_media":0,"parent":0,"menu_order":0,"comment_status":"closed","ping_status":"closed","template":"page-templates\/strona-glowna.php","meta":{"_acf_changed":false,"inline_featured_image":false,"footnotes":""},"acf":[],"yoast_head":"<!-- This site is optimized with the Yoast SEO plugin v22.2 - https:\/\/yoast.com\/wordpress\/plugins\/seo\/ -->\n<title>Edenberg - Producent ekskluzywnych artyku\u0142\u00f3w kuchennych<\/title>\n<meta name=\"description\" content=\"Bogactwo wzor\u00f3w i kolor\u00f3w, doskona\u0142a jako\u015b\u0107 na lata ekskluzywnych artyku\u0142\u00f3w kuchennych. Zapraszamy do naszego showroomu w \u0141azach, Aleja Krakowska 15!\" \/>\n<meta name=\"robots\" content=\"index, follow, max-snippet:-1, max-image-preview:large, max-video-preview:-1\" \/>\n<link rel=\"canonical\" href=\"https:\/\/edenberg.eu\/pl\/\" \/>\n<meta property=\"og:locale\" content=\"pl_PL\" \/>\n<meta property=\"og:type\" content=\"article\" \/>\n<meta property=\"og:title\" content=\"Edenberg - Producent ekskluzywnych artyku\u0142\u00f3w kuchennych\" \/>\n<meta property=\"og:description\" content=\"Bogactwo wzor\u00f3w i kolor\u00f3w, doskona\u0142a jako\u015b\u0107 na lata ekskluzywnych artyku\u0142\u00f3w kuchennych. Zapraszamy do naszego showroomu w \u0141azach, Aleja Krakowska 15!\" \/>\n<meta property=\"og:url\" content=\"https:\/\/edenberg.eu\/pl\/\" \/>\n<meta property=\"og:site_name\" content=\"Edenberg\" \/>\n<meta property=\"article:modified_time\" content=\"2025-11-21T11:33:57+00:00\" \/>\n<meta name=\"twitter:card\" content=\"summary_large_image\" \/>\n<script type=\"application\/ld+json\" class=\"yoast-schema-graph\">{\"@context\":\"https:\/\/schema.org\",\"@graph\":[{\"@type\":\"WebPage\",\"@id\":\"https:\/\/edenberg.eu\/pl\/\",\"url\":\"https:\/\/edenberg.eu\/pl\/\",\"name\":\"Edenberg - Producent ekskluzywnych artyku\u0142\u00f3w kuchennych\",\"isPartOf\":{\"@id\":\"https:\/\/edenberg.eu\/#website\"},\"datePublished\":\"2019-09-02T12:41:15+00:00\",\"dateModified\":\"2025-11-21T11:33:57+00:00\",\"description\":\"Bogactwo wzor\u00f3w i kolor\u00f3w, doskona\u0142a jako\u015b\u0107 na lata ekskluzywnych artyku\u0142\u00f3w kuchennych. Zapraszamy do naszego showroomu w \u0141azach, Aleja Krakowska 15!\",\"breadcrumb\":{\"@id\":\"https:\/\/edenberg.eu\/pl\/#breadcrumb\"},\"inLanguage\":\"pl-PL\",\"potentialAction\":[{\"@type\":\"ReadAction\",\"target\":[\"https:\/\/edenberg.eu\/pl\/\"]}]},{\"@type\":\"BreadcrumbList\",\"@id\":\"https:\/\/edenberg.eu\/pl\/#breadcrumb\",\"itemListElement\":[{\"@type\":\"ListItem\",\"position\":1,\"name\":\"Strona g\u0142\u00f3wna\",\"item\":\"https:\/\/edenberg.eu\/pl\/\"},{\"@type\":\"ListItem\",\"position\":2,\"name\":\"Strona g\u0142\u00f3wna\"}]},{\"@type\":\"WebSite\",\"@id\":\"https:\/\/edenberg.eu\/#website\",\"url\":\"https:\/\/edenberg.eu\/\",\"name\":\"Edenberg\",\"description\":\"Edenberg - Decorate Your Kitchen\",\"potentialAction\":[{\"@type\":\"SearchAction\",\"target\":{\"@type\":\"EntryPoint\",\"urlTemplate\":\"https:\/\/edenberg.eu\/?s={search_term_string}\"},\"query-input\":\"required name=search_term_string\"}],\"inLanguage\":\"pl-PL\"}]}<\/script>\n<!-- \/ Yoast SEO plugin. -->","yoast_head_json":{"title":"Edenberg - Producent ekskluzywnych artyku\u0142\u00f3w kuchennych","description":"Bogactwo wzor\u00f3w i kolor\u00f3w, doskona\u0142a jako\u015b\u0107 na lata ekskluzywnych artyku\u0142\u00f3w kuchennych. Zapraszamy do naszego showroomu w \u0141azach, Aleja Krakowska 15!","robots":{"index":"index","follow":"follow","max-snippet":"max-snippet:-1","max-image-preview":"max-image-preview:large","max-video-preview":"max-video-preview:-1"},"canonical":"https:\/\/edenberg.eu\/pl\/","og_locale":"pl_PL","og_type":"article","og_title":"Edenberg - Producent ekskluzywnych artyku\u0142\u00f3w kuchennych","og_description":"Bogactwo wzor\u00f3w i kolor\u00f3w, doskona\u0142a jako\u015b\u0107 na lata ekskluzywnych artyku\u0142\u00f3w kuchennych. Zapraszamy do naszego showroomu w \u0141azach, Aleja Krakowska 15!","og_url":"https:\/\/edenberg.eu\/pl\/","og_site_name":"Edenberg","article_modified_time":"2025-11-21T11:33:57+00:00","twitter_card":"summary_large_image","schema":{"@context":"https:\/\/schema.org","@graph":[{"@type":"WebPage","@id":"https:\/\/edenberg.eu\/pl\/","url":"https:\/\/edenberg.eu\/pl\/","name":"Edenberg - Producent ekskluzywnych artyku\u0142\u00f3w kuchennych","isPartOf":{"@id":"https:\/\/edenberg.eu\/#website"},"datePublished":"2019-09-02T12:41:15+00:00","dateModified":"2025-11-21T11:33:57+00:00","description":"Bogactwo wzor\u00f3w i kolor\u00f3w, doskona\u0142a jako\u015b\u0107 na lata ekskluzywnych artyku\u0142\u00f3w kuchennych. Zapraszamy do naszego showroomu w \u0141azach, Aleja Krakowska 15!","breadcrumb":{"@id":"https:\/\/edenberg.eu\/pl\/#breadcrumb"},"inLanguage":"pl-PL","potentialAction":[{"@type":"ReadAction","target":["https:\/\/edenberg.eu\/pl\/"]}]},{"@type":"BreadcrumbList","@id":"https:\/\/edenberg.eu\/pl\/#breadcrumb","itemListElement":[{"@type":"ListItem","position":1,"name":"Strona g\u0142\u00f3wna","item":"https:\/\/edenberg.eu\/pl\/"},{"@type":"ListItem","position":2,"name":"Strona g\u0142\u00f3wna"}]},{"@type":"WebSite","@id":"https:\/\/edenberg.eu\/#website","url":"https:\/\/edenberg.eu\/","name":"Edenberg","description":"Edenberg - Decorate Your Kitchen","potentialAction":[{"@type":"SearchAction","target":{"@type":"EntryPoint","urlTemplate":"https:\/\/edenberg.eu\/?s={search_term_string}"},"query-input":"required name=search_term_string"}],"inLanguage":"pl-PL"}]}},"_links":{"self":[{"href":"https:\/\/edenberg.eu\/pl\/wp-json\/wp\/v2\/pages\/2"}],"collection":[{"href":"https:\/\/edenberg.eu\/pl\/wp-json\/wp\/v2\/pages"}],"about":[{"href":"https:\/\/edenberg.eu\/pl\/wp-json\/wp\/v2\/types\/page"}],"author":[{"embeddable":true,"href":"https:\/\/edenberg.eu\/pl\/wp-json\/wp\/v2\/users\/1"}],"replies":[{"embeddable":true,"href":"https:\/\/edenberg.eu\/pl\/wp-json\/wp\/v2\/comments?post=2"}],"version-history":[{"count":0,"href":"https:\/\/edenberg.eu\/pl\/wp-json\/wp\/v2\/pages\/2\/revisions"}],"wp:attachment":[{"href":"https:\/\/edenberg.eu\/pl\/wp-json\/wp\/v2\/media?parent=2"}],"curies":[{"name":"wp","href":"https:\/\/api.w.org\/{rel}","templated":true}]}}